{"id":2421,"date":"2023-10-16T15:03:51","date_gmt":"2023-10-16T13:03:51","guid":{"rendered":"https:\/\/doghot.cz\/?page_id=2421"},"modified":"2026-01-20T09:26:37","modified_gmt":"2026-01-20T08:26:37","slug":"sluzby","status":"publish","type":"page","link":"https:\/\/doghot.cz\/en\/sluzby\/","title":{"rendered":"Nab\u00edzen\u00e9 slu\u017eby"},"content":{"rendered":"[et_pb_section fb_built=\"1\" admin_label=\"Header\" _builder_version=\"4.22.2\" _module_preset=\"default\" use_background_color_gradient=\"on\" background_color_gradient_stops=\"rgba(0,0,0,0.08) 0%|rgba(0,0,0,0.47) 100%\" background_color_gradient_overlays_image=\"on\" background_image=\"https:\/\/doghot.cz\/wp-content\/uploads\/2023\/10\/retriver.jpg\" background_enable_video_mp4=\"off\" custom_padding=\"17vw||6vw||false|false\" collapsed=\"on\" global_colors_info=\"{}\"][et_pb_row _builder_version=\"4.22.2\" _module_preset=\"default\" global_colors_info=\"{}\"][et_pb_column type=\"4_4\" _builder_version=\"4.22.2\" _module_preset=\"default\" global_colors_info=\"{}\"][et_pb_text _builder_version=\"4.22.2\" _module_preset=\"_initial\" header_font=\"Cormorant Garamond|||on|||||\" header_text_align=\"center\" header_text_color=\"#FFFFFF\" header_font_size=\"60px\" header_letter_spacing=\"0.2em\" header_2_text_align=\"center\" header_2_text_color=\"#FFFFFF\" header_text_align_tablet=\"center\" header_text_align_phone=\"center\" header_text_align_last_edited=\"on|phone\" header_font_size_tablet=\"40px\" header_font_size_phone=\"24px\" header_font_size_last_edited=\"on|desktop\" global_colors_info=\"{}\"]\n<h1>SERVICES and price list of the DOG HOTEL<\/h1>\n[\/et_pb_text][\/et_pb_column][\/et_pb_row][\/et_pb_section][et_pb_section fb_built=\"1\" admin_label=\"About\" module_id=\"sluzby\" _builder_version=\"4.22.2\" _module_preset=\"default\" background_color=\"#dba765\" collapsed=\"on\" global_colors_info=\"{}\"][et_pb_row _builder_version=\"4.20.0\" _module_preset=\"default\" custom_padding=\"||0px||false|false\" global_colors_info=\"{}\"][et_pb_column type=\"4_4\" _builder_version=\"4.20.0\" _module_preset=\"default\" global_colors_info=\"{}\"][et_pb_text _builder_version=\"4.22.2\" _module_preset=\"_initial\" header_2_text_align=\"center\" header_2_text_color=\"#FFFFFF\" global_colors_info=\"{}\"]\n<h2>What we offer<\/h2>\n[\/et_pb_text][et_pb_text _builder_version=\"4.22.2\" _module_preset=\"_initial\" text_font=\"|300|||||||\" text_text_color=\"#FFFFFF\" text_orientation=\"center\" global_colors_info=\"{}\"]\n<p>In addition to standard accommodation services, our hotel also offers additional services, which we will be improving and expanding over the coming months. At present, we offer the following additional services in addition to standard accommodation:<\/p>\n[\/et_pb_text][\/et_pb_column][\/et_pb_row][et_pb_row column_structure=\"1_5,1_5,1_5,1_5,1_5\" _builder_version=\"4.22.2\" _module_preset=\"default\" global_colors_info=\"{}\"][et_pb_column type=\"1_5\" _builder_version=\"4.22.2\" _module_preset=\"default\" global_colors_info=\"{}\"][et_pb_icon font_icon=\"&#xe033;||divi||400\" icon_color=\"#FFFFFF\" icon_width=\"25px\" _builder_version=\"4.22.2\" _module_preset=\"default\" custom_margin=\"0px||0px||false|false\" custom_padding=\"0px||0px||false|false\" animation_style=\"zoom\" global_colors_info=\"{}\"][\/et_pb_icon][et_pb_text _builder_version=\"4.22.2\" _module_preset=\"_initial\" text_font=\"Cormorant Garamond|||on|||||\" text_text_color=\"#FFFFFF\" text_font_size=\"25px\" text_orientation=\"center\" global_colors_info=\"{}\"]\n<p>Transport<\/p>\n[\/et_pb_text][\/et_pb_column][et_pb_column type=\"1_5\" _builder_version=\"4.22.2\" _module_preset=\"default\" global_colors_info=\"{}\"][et_pb_icon font_icon=\"&#xe033;||divi||400\" icon_color=\"#FFFFFF\" icon_width=\"25px\" _builder_version=\"4.22.2\" _module_preset=\"default\" custom_margin=\"0px||0px||false|false\" custom_padding=\"0px||0px||false|false\" animation_style=\"zoom\" global_colors_info=\"{}\"][\/et_pb_icon][et_pb_text _builder_version=\"4.22.2\" _module_preset=\"_initial\" text_font=\"Cormorant Garamond|||on|||||\" text_text_color=\"#FFFFFF\" text_font_size=\"25px\" text_orientation=\"center\" global_colors_info=\"{}\"]Mazlen\u00ed[\/et_pb_text][\/et_pb_column][et_pb_column type=\"1_5\" _builder_version=\"4.22.2\" _module_preset=\"default\" global_colors_info=\"{}\"][et_pb_icon font_icon=\"&#xe033;||divi||400\" icon_color=\"#FFFFFF\" icon_width=\"25px\" _builder_version=\"4.22.2\" _module_preset=\"default\" custom_margin=\"0px||0px||false|false\" custom_padding=\"0px||0px||false|false\" animation_style=\"zoom\" global_colors_info=\"{}\"][\/et_pb_icon][et_pb_text _builder_version=\"4.22.2\" _module_preset=\"_initial\" text_font=\"Cormorant Garamond|||on|||||\" text_text_color=\"#FFFFFF\" text_font_size=\"25px\" text_orientation=\"center\" global_colors_info=\"{}\"]Koup\u00e1n\u00ed[\/et_pb_text][\/et_pb_column][et_pb_column type=\"1_5\" _builder_version=\"4.22.2\" _module_preset=\"default\" global_colors_info=\"{}\"][et_pb_icon font_icon=\"&#xe033;||divi||400\" icon_color=\"#FFFFFF\" icon_width=\"25px\" _builder_version=\"4.22.2\" _module_preset=\"default\" custom_margin=\"0px||0px||false|false\" custom_padding=\"0px||0px||false|false\" animation_style=\"zoom\" global_colors_info=\"{}\"][\/et_pb_icon][et_pb_text _builder_version=\"4.22.2\" _module_preset=\"_initial\" text_font=\"Cormorant Garamond|||on|||||\" text_text_color=\"#FFFFFF\" text_font_size=\"25px\" text_orientation=\"center\" global_colors_info=\"{}\"]\n<p>Haircut<\/p>\n[\/et_pb_text][\/et_pb_column][et_pb_column type=\"1_5\" _builder_version=\"4.22.2\" _module_preset=\"default\" global_colors_info=\"{}\"][et_pb_icon font_icon=\"&#xe033;||divi||400\" icon_color=\"#FFFFFF\" icon_width=\"25px\" _builder_version=\"4.22.2\" _module_preset=\"default\" custom_margin=\"0px||0px||false|false\" custom_padding=\"0px||0px||false|false\" animation_style=\"zoom\" global_colors_info=\"{}\"][\/et_pb_icon][et_pb_text _builder_version=\"4.22.2\" _module_preset=\"_initial\" text_font=\"Cormorant Garamond|||on|||||\" text_text_color=\"#FFFFFF\" text_font_size=\"25px\" text_orientation=\"center\" global_colors_info=\"{}\"]\n<p>Training<\/p>\n[\/et_pb_text][\/et_pb_column][\/et_pb_row][et_pb_row column_structure=\"1_4,1_4,1_4,1_4\" _builder_version=\"4.25.0\" _module_preset=\"default\" custom_margin=\"||0px||false|false\" custom_padding=\"||0px||false|false\" border_color_all=\"gcid-e6f8585f-043d-4f05-ad96-fb05b9e45208\" locked=\"off\" global_colors_info=\"{%22gcid-e6f8585f-043d-4f05-ad96-fb05b9e45208%22:%91%22border_color_all%22%93}\"][et_pb_column type=\"1_4\" disabled_on=\"on|on|off\" _builder_version=\"4.25.0\" _module_preset=\"default\" global_colors_info=\"{}\"][\/et_pb_column][et_pb_column type=\"1_4\" _builder_version=\"4.20.0\" _module_preset=\"default\" global_colors_info=\"{}\"][et_pb_text _builder_version=\"4.25.0\" _module_preset=\"_initial\" text_text_color=\"#000000\" text_font_size=\"16px\" header_5_text_color=\"#FFFFFF\" custom_margin=\"||0px||false|false\" ul_text_align_tablet=\"left\" ul_text_align_phone=\"left\" ul_text_align_last_edited=\"on|phone\" header_5_text_align_tablet=\"left\" header_5_text_align_phone=\"left\" header_5_text_align_last_edited=\"on|tablet\" text_orientation_tablet=\"left\" text_orientation_phone=\"left\" text_orientation_last_edited=\"on|tablet\" global_colors_info=\"{}\"]\n<h5>CHECK \u2013 IN:<\/h5>\n[\/et_pb_text][et_pb_text ul_item_indent=\"30px\" _builder_version=\"4.25.0\" _module_preset=\"_initial\" text_font=\"|300|||||||\" text_text_color=\"#000000\" link_text_color=\"#000000\" ul_text_color=\"#FFFFFF\" text_orientation_tablet=\"center\" text_orientation_phone=\"left\" text_orientation_last_edited=\"on|tablet\" global_colors_info=\"{}\"]\n<ul>\n<li>From 4PM<\/li>\n<li>Early from 12PM (100 K\u010d)<\/li>\n<li>Anytime in morning 325 K\u010d<\/li>\n<\/ul>\n[\/et_pb_text][\/et_pb_column][et_pb_column type=\"1_4\" _builder_version=\"4.20.0\" _module_preset=\"default\" global_colors_info=\"{}\"][et_pb_text _builder_version=\"4.25.0\" _module_preset=\"_initial\" header_5_text_align=\"left\" header_5_text_color=\"#FFFFFF\" text_orientation=\"center\" custom_margin=\"||0px||false|false\" global_colors_info=\"{}\"]\n<h5>CHECK \u2013 OUT:<\/h5>\n[\/et_pb_text][et_pb_text ul_item_indent=\"30px\" _builder_version=\"4.25.0\" _module_preset=\"_initial\" text_font=\"|300|||||||\" text_text_color=\"#FFFFFF\" link_text_color=\"#FFFFFF\" global_colors_info=\"{}\"]\n<ul>\n<li>To 10AM<\/li>\n<li>Late to 2PM (100 K\u010d)<\/li>\n<li>Evening 325 K\u010d<\/li>\n<\/ul>\n[\/et_pb_text][\/et_pb_column][et_pb_column type=\"1_4\" disabled_on=\"on|on|off\" _builder_version=\"4.25.0\" _module_preset=\"default\" global_colors_info=\"{}\"][\/et_pb_column][\/et_pb_row][et_pb_row _builder_version=\"4.25.0\" _module_preset=\"default\" custom_padding=\"10px||40px||false|false\" locked=\"off\" global_colors_info=\"{}\"][et_pb_column type=\"4_4\" _builder_version=\"4.25.0\" _module_preset=\"default\" global_colors_info=\"{}\"][et_pb_text _builder_version=\"4.25.0\" _module_preset=\"_initial\" text_font=\"|700|||||||\" text_text_color=\"#FFFFFF\" text_font_size=\"16px\" text_orientation=\"center\" text_orientation_tablet=\"center\" text_orientation_phone=\"left\" text_orientation_last_edited=\"on|tablet\" global_colors_info=\"{}\"]\n<p>NOT APPLICABLE TO PRESCHOOL!!!<\/p>\n[\/et_pb_text][\/et_pb_column][\/et_pb_row][\/et_pb_section][et_pb_section fb_built=\"1\" admin_label=\"Services\" module_id=\"cenik\" _builder_version=\"4.22.2\" _module_preset=\"default\" locked=\"off\" collapsed=\"on\" global_colors_info=\"{}\"][et_pb_row column_structure=\"1_3,2_3\" _builder_version=\"4.22.2\" _module_preset=\"default\" global_colors_info=\"{}\"][et_pb_column type=\"1_3\" _builder_version=\"4.22.2\" _module_preset=\"default\" global_colors_info=\"{}\"][et_pb_image src=\"https:\/\/doghot.cz\/wp-content\/uploads\/2023\/10\/puppy.png\" alt=\"Luxusn\u00ed ps\u00ed hotel Hradec Kr\u00e1lov\u00e9\" title_text=\"\u0160t\u011bn\u011b\" _builder_version=\"4.22.2\" _module_preset=\"default\" scroll_vertical_motion=\"0|100|100|100|4|0|-4\" global_colors_info=\"{}\" background__hover_enabled=\"on|hover\" background_color__hover=\"#FFFFFF\" background_enable_color__hover=\"on\"][\/et_pb_image][\/et_pb_column][et_pb_column type=\"2_3\" _builder_version=\"4.22.2\" _module_preset=\"default\" global_colors_info=\"{}\"][et_pb_text _builder_version=\"4.22.2\" _module_preset=\"_initial\" header_4_text_align=\"left\" header_4_text_color=\"#dba765\" text_orientation=\"center\" global_colors_info=\"{}\"]\n<h4>Luxury dog hotel<\/h4>\n[\/et_pb_text][et_pb_text _builder_version=\"4.22.2\" _module_preset=\"_initial\" header_2_text_color=\"#000000\" header_2_font_size=\"35px\" global_colors_info=\"{}\"]\n<h2>Price list<\/h2>\n[\/et_pb_text][et_pb_text _builder_version=\"4.27.5\" _module_preset=\"_initial\" text_font=\"|300|||||||\" text_orientation=\"justified\" global_colors_info=\"{}\"]\n<table border=\"0\" style=\"width: 100%; border-collapse: collapse; border-style: hidden;\">\n<tbody>\n<tr>\n<td style=\"width: 50%;\">To 6 nights<\/td>\n<td style=\"width: 50%;\">800 K\u010d\/night<\/td>\n<\/tr>\n<tr>\n<td style=\"width: 50%;\">7-14 nights<\/td>\n<td style=\"width: 50%;\">750 K\u010d\/night<\/td>\n<\/tr>\n<\/tbody>\n<\/table>\n<p>Second and additional dogs of the same owner in the same room \u2013 50% discount.<br \/>O svatc\u00edch je \u00fa\u010dtov\u00e1no 100% nav\u00edc\/noc<\/p>\n[\/et_pb_text][et_pb_text _builder_version=\"4.22.2\" _module_preset=\"_initial\" header_2_text_color=\"#000000\" header_2_font_size=\"24px\" global_colors_info=\"{}\"]\n<h2>Surcharges<\/h2>\n[\/et_pb_text][et_pb_text _builder_version=\"4.27.4\" _module_preset=\"_initial\" text_font=\"|300|||||||\" text_orientation=\"justified\" global_colors_info=\"{}\"]\n<table border=\"0\" style=\"width: 100%; border-collapse: collapse; border-style: hidden; height: 312px;\">\n<tbody>\n<tr style=\"height: 24px;\">\n<td style=\"width: 39.8058%; height: 24px;\">\u0160t\u011bn\u011b 2-12 m\u011bs\u00edc\u016f<\/td>\n<td style=\"width: 39.8058%; height: 24px;\">100 K\u010d \/ night<\/td>\n<td style=\"width: 20.3883%;\"><\/td>\n<\/tr>\n<tr style=\"height: 24px;\">\n<td style=\"width: 39.8058%; height: 24px;\">Female dog in heat<\/td>\n<td style=\"width: 39.8058%; height: 24px;\">100 K\u010d \/ night<\/td>\n<td style=\"width: 20.3883%;\"><\/td>\n<\/tr>\n<tr style=\"height: 48px;\">\n<td style=\"width: 39.8058%; height: 48px;\"><span data-sheets-value=\"{&quot;1&quot;:2,&quot;2&quot;:&quot;Psi bez nau\u010den\u00fdch hygienick\u00fdch n\u00e1vyk\u016f&quot;}\">Dogs without learned hygiene habits<\/span><\/td>\n<td style=\"width: 39.8058%; height: 48px;\"><span data-sheets-value=\"{&quot;1&quot;:2,&quot;2&quot;:&quot;100k\u010d \/noc&quot;}\">100 K\u010d \/ night<\/span><\/td>\n<td style=\"width: 20.3883%;\"><\/td>\n<\/tr>\n<tr>\n<td style=\"width: 39.8058%;\"><span data-sheets-value=\"{&quot;1&quot;:2,&quot;2&quot;:&quot;Psi bez nau\u010den\u00fdch hygienick\u00fdch n\u00e1vyk\u016f&quot;}\">Administration of medication<\/span><\/td>\n<td style=\"width: 39.8058%;\"><span data-sheets-value=\"{&quot;1&quot;:2,&quot;2&quot;:&quot;Psi bez nau\u010den\u00fdch hygienick\u00fdch n\u00e1vyk\u016f&quot;}\">100 K\u010d\/day<\/span><\/td>\n<td style=\"width: 20.3883%;\">\n<p>&nbsp;<\/p>\n<\/td>\n<\/tr>\n<tr style=\"height: 48px;\">\n<td style=\"width: 39.8058%; height: 48px;\"><span data-sheets-value=\"{&quot;1&quot;:2,&quot;2&quot;:&quot;Psi bez nau\u010den\u00fdch hygienick\u00fdch n\u00e1vyk\u016f&quot;}\">Separation anxiety<\/span><\/td>\n<td style=\"width: 39.8058%; height: 48px;\"><span data-sheets-value=\"{&quot;1&quot;:2,&quot;2&quot;:&quot;Psi bez nau\u010den\u00fdch hygienick\u00fdch n\u00e1vyk\u016f&quot;}\">600 K\u010d \/den<\/span><\/td>\n<td style=\"width: 20.3883%; height: 48px;\">\n<p>&nbsp;<\/p>\n<p>&nbsp;<\/p>\n<\/td>\n<\/tr>\n<\/tbody>\n<\/table>\n[\/et_pb_text][et_pb_text _builder_version=\"4.27.4\" _module_preset=\"default\" text_font_size=\"16px\" text_line_height=\"1.6em\" custom_margin=\"-20px||||false|false\" global_colors_info=\"{}\"]\n<p class=\"translation-block\">The remaining additional services can be found <a href=\"https:\/\/doghot.cz\/wp-content\/uploads\/2025\/10\/WhatsApp-Image-2025-10-06-at-10.32.48.jpeg\" target=\"_self\">here<\/a>.<\/p>\n[\/et_pb_text][et_pb_text _builder_version=\"4.25.0\" _module_preset=\"_initial\" header_2_text_color=\"#000000\" header_2_font_size=\"24px\" global_colors_info=\"{}\"]\n<h2>Price list for DOG HOT training<\/h2>\n[\/et_pb_text][et_pb_text _builder_version=\"4.27.4\" _module_preset=\"_initial\" text_font=\"|300|||||||\" text_orientation=\"justified\" locked=\"off\" global_colors_info=\"{}\"]\n<td style=\"width: 50%;\">Socialization walk<\/td>\n<td style=\"width: 50%;\">200 K\u010d<\/td>\n<\/tr>\n<\/tbody>\n<\/table>\n[\/et_pb_text][et_pb_text _builder_version=\"4.24.2\" _module_preset=\"_initial\" header_2_text_color=\"#000000\" header_2_font_size=\"35px\" global_colors_info=\"{}\"]\n<h2>Dog preschool<\/h2>\n[\/et_pb_text][et_pb_text _builder_version=\"4.27.4\" _module_preset=\"_initial\" text_font=\"|300|||||||\" text_orientation=\"justified\" global_colors_info=\"{}\"]\n<table border=\"0\" style=\"width: 100%; border-collapse: collapse; border-style: hidden;\">\n<tbody>\n<tr>\n<td style=\"width: 50%;\">1h<\/td>\n<td style=\"width: 50%;\">150 K\u010d<\/td>\n<\/tr>\n<tr>\n<td><\/td>\n<td><\/td>\n<\/tr>\n<\/tbody>\n<\/table>\n[\/et_pb_text][et_pb_text _builder_version=\"4.24.3\" _module_preset=\"_initial\" header_2_text_color=\"#000000\" header_2_font_size=\"35px\" global_colors_info=\"{}\"]\n<h2>Additional options<\/h2>\n[\/et_pb_text][et_pb_text _builder_version=\"4.24.3\" _module_preset=\"_initial\" text_font=\"|300|||||||\" text_orientation=\"justified\" global_colors_info=\"{}\"]\n<table border=\"0\" style=\"width: 100%; border-collapse: collapse; border-style: hidden;\">\n<tbody>\n<tr>\n<td style=\"width: 50%;\">Z\u00e1kladn\u00ed poslu\u0161nost jednor\u00e1zov\u00fd poplatek<\/td>\n<td style=\"width: 50%;\">690 K\u010d<\/td>\n<\/tr>\n<tr><\/tr>\n<\/tbody>\n<\/table>\n[\/et_pb_text][\/et_pb_column][\/et_pb_row][\/et_pb_section]","protected":false},"excerpt":{"rendered":"<p>SLU\u017dBY a cen\u00edk PS\u00cdHO HOTELUCo nab\u00edz\u00edmeV na\u0161em hotelu nab\u00edz\u00edme krom\u011b b\u011b\u017en\u00fdch ubytovac\u00edch slu\u017eeb i dal\u0161\u00ed dopl\u0148kov\u00e9 slu\u017eby, kter\u00e9 v pr\u016fb\u011bhu p\u0159\u00ed\u0161t\u00edch m\u011bs\u00edc\u016f budeme zlep\u0161ovat a roz\u0161i\u0159ovat. V tuto chv\u00edli nab\u00edz\u00edme krom\u011b b\u011b\u017en\u00e9ho ubytov\u00e1n\u00ed tyto dal\u0161\u00ed p\u0159\u00edplatkov\u00e9 slu\u017eby:OdvozMazlen\u00edKoup\u00e1n\u00edSt\u0159\u00edh\u00e1n\u00edV\u00fdcvikCHECK \u2013 IN: Od 16h Brzk\u00fd od 12h (100k\u010d) Od r\u00e1na 325k\u010d CHECK \u2013 OUT: Do 10h Pozdn\u00ed do [&hellip;]<\/p>","protected":false},"author":11,"featured_media":0,"parent":0,"menu_order":0,"comment_status":"closed","ping_status":"closed","template":"","meta":{"_et_pb_use_builder":"on","_et_pb_old_content":"","_et_gb_content_width":"","footnotes":""},"class_list":["post-2421","page","type-page","status-publish","hentry"],"_links":{"self":[{"href":"https:\/\/doghot.cz\/en\/wp-json\/wp\/v2\/pages\/2421","targetHints":{"allow":["GET"]}}],"collection":[{"href":"https:\/\/doghot.cz\/en\/wp-json\/wp\/v2\/pages"}],"about":[{"href":"https:\/\/doghot.cz\/en\/wp-json\/wp\/v2\/types\/page"}],"author":[{"embeddable":true,"href":"https:\/\/doghot.cz\/en\/wp-json\/wp\/v2\/users\/11"}],"replies":[{"embeddable":true,"href":"https:\/\/doghot.cz\/en\/wp-json\/wp\/v2\/comments?post=2421"}],"version-history":[{"count":43,"href":"https:\/\/doghot.cz\/en\/wp-json\/wp\/v2\/pages\/2421\/revisions"}],"predecessor-version":[{"id":4604,"href":"https:\/\/doghot.cz\/en\/wp-json\/wp\/v2\/pages\/2421\/revisions\/4604"}],"wp:attachment":[{"href":"https:\/\/doghot.cz\/en\/wp-json\/wp\/v2\/media?parent=2421"}],"curies":[{"name":"wp","href":"https:\/\/api.w.org\/{rel}","templated":true}]}}