{"id":2570,"date":"2023-10-16T22:12:15","date_gmt":"2023-10-16T20:12:15","guid":{"rendered":"https:\/\/doghot.cz\/?page_id=2570"},"modified":"2026-03-11T13:22:45","modified_gmt":"2026-03-11T12:22:45","slug":"dokumenty-ke-stazeni","status":"publish","type":"page","link":"https:\/\/doghot.cz\/en\/dokumenty-ke-stazeni\/","title":{"rendered":"Documents for download"},"content":{"rendered":"[et_pb_section fb_built=\"1\" admin_label=\"Header\" _builder_version=\"4.27.6\" _module_preset=\"default\" background_image=\"https:\/\/doghot.cz\/wp-content\/uploads\/2023\/10\/retriver.jpg\" background_enable_video_mp4=\"off\" custom_padding=\"16vw||6vw||false|false\" hover_enabled=\"0\" collapsed=\"on\" global_colors_info=\"{}\" background_color=\"rgba(0,0,0,0.49)\" background_blend=\"darken\" sticky_enabled=\"0\"][et_pb_row _builder_version=\"4.22.2\" _module_preset=\"default\" locked=\"off\" global_colors_info=\"{}\"][et_pb_column type=\"4_4\" _builder_version=\"4.22.2\" _module_preset=\"default\" global_colors_info=\"{}\"][et_pb_text _builder_version=\"4.22.2\" _module_preset=\"d5fb4401-88d5-4bd1-8b4a-27e985b01c1d\" header_font=\"Cormorant Garamond|||on|||||\" header_text_align=\"center\" header_text_color=\"#FFFFFF\" header_font_size=\"60px\" header_letter_spacing=\"0.2em\" header_2_text_align=\"center\" header_2_text_color=\"#FFFFFF\" header_font_size_tablet=\"40px\" header_font_size_phone=\"24px\" header_font_size_last_edited=\"on|phone\" global_colors_info=\"{}\"]\n<h1 class=\"translation-block\">Required documents<br>for dog accommodation<\/h1>\n[\/et_pb_text][\/et_pb_column][\/et_pb_row][\/et_pb_section][et_pb_section fb_built=\"1\" admin_label=\"Services\" _builder_version=\"4.22.2\" _module_preset=\"default\" locked=\"off\" collapsed=\"on\" global_colors_info=\"{}\"][et_pb_row column_structure=\"3_5,2_5\" _builder_version=\"4.22.2\" _module_preset=\"default\" global_colors_info=\"{}\"][et_pb_column type=\"3_5\" _builder_version=\"4.22.2\" _module_preset=\"default\" global_colors_info=\"{}\"][et_pb_text _builder_version=\"4.22.2\" _module_preset=\"60c85a65-47d7-42db-8839-a8de10c35559\" header_4_text_align=\"left\" header_4_text_color=\"#dba765\" text_orientation=\"center\" global_colors_info=\"{}\"]\n<h4>Luxury dog hotel<\/h4>\n[\/et_pb_text][et_pb_text _builder_version=\"4.22.2\" _module_preset=\"d5fb4401-88d5-4bd1-8b4a-27e985b01c1d\" header_2_text_color=\"#000000\" header_2_font_size=\"35px\" global_colors_info=\"{}\"]\n<h2>Documents for download<\/h2>\n[\/et_pb_text][et_pb_blurb title=\"V\u0161eobecn\u00e9 obchodn\u00ed podm\u00ednky\" url=\"https:\/\/doghot.cz\/wp-content\/uploads\/2025\/11\/DH-VOP-Vseobecne-podminky-2025-09-01.pdf\" url_new_window=\"on\" use_icon=\"on\" font_icon=\"&#x39;||divi||400\" icon_placement=\"left\" _builder_version=\"4.27.4\" _module_preset=\"default\" header_font=\"|300|||||||\" header_line_height=\"1.7em\" link_option_url=\"https:\/\/doghot.cz\/wp-content\/uploads\/2025\/11\/DH-VOP-Vseobecne-podminky-2025-09-01.pdf\" link_option_url_new_window=\"on\" global_colors_info=\"{}\"][\/et_pb_blurb][et_pb_blurb title=\"Souhlas majitele\" url=\"https:\/\/doghot.cz\/wp-content\/uploads\/2025\/10\/SOUHLAS.pdf\" url_new_window=\"on\" use_icon=\"on\" font_icon=\"&#x39;||divi||400\" icon_placement=\"left\" _builder_version=\"4.27.4\" _module_preset=\"default\" header_font=\"|300|||||||\" header_line_height=\"1.7em\" global_colors_info=\"{}\"][\/et_pb_blurb][et_pb_blurb title=\"Smlouva o ubytov\u00e1n\u00ed psa\" url=\"https:\/\/doghot.cz\/wp-content\/uploads\/2026\/01\/SMLOUVA-2026.pdf\" url_new_window=\"on\" use_icon=\"on\" font_icon=\"&#x39;||divi||400\" icon_placement=\"left\" _builder_version=\"4.27.5\" _module_preset=\"default\" header_font=\"|300|||||||\" header_line_height=\"1.7em\" global_colors_info=\"{}\"][\/et_pb_blurb][et_pb_blurb title=\"P\u0159\u00edplatky\" url=\"https:\/\/doghot.cz\/wp-content\/uploads\/2026\/02\/Priplatky-2026.pdf\" url_new_window=\"on\" use_icon=\"on\" font_icon=\"&#x39;||divi||400\" icon_placement=\"left\" _builder_version=\"4.27.6\" _module_preset=\"default\" header_font=\"|300|||||||\" header_line_height=\"1.7em\" global_colors_info=\"{}\"][\/et_pb_blurb][et_pb_blurb title=\"Provozn\u00ed \u0159\u00e1d\" url=\"https:\/\/doghot.cz\/wp-content\/uploads\/2025\/12\/Provozni-rad-Dog-Hot-2026.pdf\" url_new_window=\"on\" use_icon=\"on\" font_icon=\"&#x39;||divi||400\" icon_placement=\"left\" _builder_version=\"4.27.5\" _module_preset=\"default\" header_font=\"|300|||||||\" header_line_height=\"1.7em\" global_colors_info=\"{}\"][\/et_pb_blurb][et_pb_blurb title=\"Podm\u00ednky p\u0159ijet\u00ed\" url=\"https:\/\/doghot.cz\/wp-content\/uploads\/2025\/10\/Podminky-prijeti.pdf\" url_new_window=\"on\" use_icon=\"on\" font_icon=\"&#x39;||divi||400\" icon_placement=\"left\" _builder_version=\"4.27.5\" _module_preset=\"default\" header_font=\"|300|||||||\" header_line_height=\"1.7em\" global_colors_info=\"{}\"][\/et_pb_blurb][et_pb_blurb title=\"Harmonogram\" url=\"https:\/\/doghot.cz\/wp-content\/uploads\/2025\/10\/Hramonogram-2025.pdf\" url_new_window=\"on\" use_icon=\"on\" font_icon=\"&#x39;||divi||400\" icon_placement=\"left\" _builder_version=\"4.27.4\" _module_preset=\"default\" header_font=\"|300|||||||\" header_line_height=\"1.7em\" global_colors_info=\"{}\"][\/et_pb_blurb][et_pb_blurb title=\"Co s sebou na v\u00fdlet\" url=\"https:\/\/doghot.cz\/wp-content\/uploads\/2026\/01\/DOGHOT-Co-s-sebou-2026.pdf\" url_new_window=\"on\" use_icon=\"on\" font_icon=\"&#x39;||divi||400\" icon_placement=\"left\" _builder_version=\"4.27.5\" _module_preset=\"default\" header_font=\"|300|||||||\" header_line_height=\"1.7em\" global_colors_info=\"{}\"][\/et_pb_blurb][\/et_pb_column][et_pb_column type=\"2_5\" _builder_version=\"4.22.2\" _module_preset=\"default\" global_colors_info=\"{}\"][et_pb_image src=\"https:\/\/doghot.cz\/wp-content\/uploads\/2023\/10\/kolie.png\" alt=\"Ubytov\u00e1n\u00ed ps\u016f Hradec Kr\u00e1lov\u00e9\" title_text=\"Border kolie\" _builder_version=\"4.22.2\" _module_preset=\"default\" scroll_vertical_motion=\"0|56|56|100|4|0|-4\" global_colors_info=\"{}\" background__hover_enabled=\"on|hover\" background_color__hover=\"#FFFFFF\" background_enable_color__hover=\"on\"][\/et_pb_image][\/et_pb_column][\/et_pb_row][\/et_pb_section]","protected":false},"excerpt":{"rendered":"<p>Pot\u0159ebn\u00e9 dokumentyk ubytov\u00e1n\u00ed psaLuxusn\u00ed ps\u00ed hotelDokumenty ke sta\u017een\u00ed<\/p>","protected":false},"author":11,"featured_media":0,"parent":0,"menu_order":0,"comment_status":"closed","ping_status":"closed","template":"","meta":{"_et_pb_use_builder":"on","_et_pb_old_content":"","_et_gb_content_width":"","footnotes":""},"class_list":["post-2570","page","type-page","status-publish","hentry"],"_links":{"self":[{"href":"https:\/\/doghot.cz\/en\/wp-json\/wp\/v2\/pages\/2570","targetHints":{"allow":["GET"]}}],"collection":[{"href":"https:\/\/doghot.cz\/en\/wp-json\/wp\/v2\/pages"}],"about":[{"href":"https:\/\/doghot.cz\/en\/wp-json\/wp\/v2\/types\/page"}],"author":[{"embeddable":true,"href":"https:\/\/doghot.cz\/en\/wp-json\/wp\/v2\/users\/11"}],"replies":[{"embeddable":true,"href":"https:\/\/doghot.cz\/en\/wp-json\/wp\/v2\/comments?post=2570"}],"version-history":[{"count":43,"href":"https:\/\/doghot.cz\/en\/wp-json\/wp\/v2\/pages\/2570\/revisions"}],"predecessor-version":[{"id":4636,"href":"https:\/\/doghot.cz\/en\/wp-json\/wp\/v2\/pages\/2570\/revisions\/4636"}],"wp:attachment":[{"href":"https:\/\/doghot.cz\/en\/wp-json\/wp\/v2\/media?parent=2570"}],"curies":[{"name":"wp","href":"https:\/\/api.w.org\/{rel}","templated":true}]}}