{"id":333,"date":"2023-06-02T15:04:30","date_gmt":"2023-06-02T13:04:30","guid":{"rendered":"https:\/\/doghot.cz\/?page_id=333"},"modified":"2026-03-11T13:20:46","modified_gmt":"2026-03-11T12:20:46","slug":"home","status":"publish","type":"page","link":"https:\/\/doghot.cz\/en\/","title":{"rendered":"Home"},"content":{"rendered":"[et_pb_section fb_built=\"1\" admin_label=\"Header\" _builder_version=\"4.27.6\" _module_preset=\"default\" background_image=\"https:\/\/doghot.cz\/wp-content\/uploads\/2023\/10\/retriver.jpg\" background_enable_video_mp4=\"off\" custom_padding=\"17vw||6vw||false|false\" hover_enabled=\"0\" collapsed=\"on\" global_colors_info=\"{}\" background_color=\"rgba(0,0,0,0.49)\" background_blend=\"darken\" sticky_enabled=\"0\"][et_pb_row _builder_version=\"4.20.0\" _module_preset=\"default\" global_colors_info=\"{}\"][et_pb_column type=\"4_4\" _builder_version=\"4.20.0\" _module_preset=\"default\" global_colors_info=\"{}\"][et_pb_text _builder_version=\"4.22.2\" _module_preset=\"60c85a65-47d7-42db-8839-a8de10c35559\" header_4_text_color=\"#dba765\" text_orientation=\"center\" animation_style=\"zoom\" global_colors_info=\"{}\"]\n<h4>Luxury dog hotel<\/h4>\n[\/et_pb_text][et_pb_text _builder_version=\"4.22.2\" _module_preset=\"8e397fd1-e3af-4a22-864d-1c4c4f5942a4\" header_text_color=\"#FFFFFF\" text_orientation=\"center\" global_colors_info=\"{}\"]\n<h1 class=\"translation-block\">DOGHOT Premium <br>Dog Hotel<\/h1>\n[\/et_pb_text][et_pb_button button_url=\"\/kontakt\" button_text=\"Rezervujte si term\u00edn\" button_alignment=\"center\" _builder_version=\"4.22.2\" _module_preset=\"24063cc7-986f-4d81-8c29-28d9f155d8b9\" button_text_color=\"#dba765\" button_border_color=\"#dba765\" animation_style=\"zoom\" global_colors_info=\"{}\"][\/et_pb_button][\/et_pb_column][\/et_pb_row][\/et_pb_section][et_pb_section fb_built=\"1\" admin_label=\"Services\" module_id=\"onas\" _builder_version=\"4.22.2\" _module_preset=\"default\" collapsed=\"on\" global_colors_info=\"{}\"][et_pb_row column_structure=\"1_2,1_2\" _builder_version=\"4.22.2\" _module_preset=\"default\" global_colors_info=\"{}\"][et_pb_column type=\"1_2\" _builder_version=\"4.22.2\" _module_preset=\"default\" global_colors_info=\"{}\"][et_pb_image src=\"https:\/\/doghot.cz\/wp-content\/uploads\/2023\/10\/shutterstock_215733994.jpg\" alt=\"Ubytov\u00e1n\u00ed ps\u016f Hradec Kr\u00e1lov\u00e9\" title_text=\"Buldo\u010dek\" _builder_version=\"4.22.2\" _module_preset=\"default\" global_colors_info=\"{}\"][\/et_pb_image][et_pb_button button_url=\"\/sluzby\" button_text=\"Pod\u00edvejte se na slu\u017eby, kter\u00e9 nab\u00edz\u00edme\" button_alignment=\"center\" _builder_version=\"4.22.2\" _module_preset=\"24063cc7-986f-4d81-8c29-28d9f155d8b9\" button_text_color=\"#dba765\" button_border_color=\"#dba765\" animation_style=\"zoom\" global_colors_info=\"{}\"][\/et_pb_button][\/et_pb_column][et_pb_column type=\"1_2\" _builder_version=\"4.22.2\" _module_preset=\"default\" global_colors_info=\"{}\"][et_pb_text _builder_version=\"4.22.2\" _module_preset=\"60c85a65-47d7-42db-8839-a8de10c35559\" header_4_text_align=\"left\" header_4_text_color=\"#dba765\" text_orientation=\"center\" global_colors_info=\"{}\"]\n<h4>Luxury dog hotel<\/h4>\n[\/et_pb_text][et_pb_text _builder_version=\"4.22.2\" _module_preset=\"d5fb4401-88d5-4bd1-8b4a-27e985b01c1d\" header_2_text_color=\"#000000\" header_2_font_size=\"35px\" global_colors_info=\"{}\"]\n<h2>A better vacation for you and your dog<\/h2>\n[\/et_pb_text][et_pb_text _builder_version=\"4.22.2\" _module_preset=\"495cb1a1-57c5-4419-8d31-a51ea006e11d\" text_font=\"|300|||||||\" text_orientation=\"justified\" global_colors_info=\"{}\"]\n<p>Welcome to Doghot, a premium dog hotel where your best friends and \"family members\" will feel like they're on vacation! They will enjoy luxurious accommodation, perfect care, but also entertainment, sports, and other fun activities. The attention of our experienced staff, combined with high-quality and sophisticated facilities, ranks our services among the best on the market. Thanks to our individual approach, you can be sure that your pets will get exactly what they need, plus something extra according to the individual needs of each four-legged client. Get rid of the fear that your pets are suffering somewhere and guarantee yourself that they will have a better vacation than you! Only then will you be able to enjoy your own time off in peace and quiet, while your best four-legged friends relax and enjoy their stay. Come visit us and see for yourself.<\/p>\n[\/et_pb_text][\/et_pb_column][\/et_pb_row][\/et_pb_section][et_pb_section fb_built=\"1\" admin_label=\"About\" module_id=\"sluzby\" _builder_version=\"4.22.2\" _module_preset=\"default\" background_color=\"#dba765\" collapsed=\"on\" global_colors_info=\"{}\"][et_pb_row _builder_version=\"4.20.0\" _module_preset=\"default\" custom_padding=\"||0px||false|false\" global_colors_info=\"{}\"][et_pb_column type=\"4_4\" _builder_version=\"4.20.0\" _module_preset=\"default\" global_colors_info=\"{}\"][et_pb_text _builder_version=\"4.22.2\" _module_preset=\"d5fb4401-88d5-4bd1-8b4a-27e985b01c1d\" header_2_text_align=\"center\" header_2_text_color=\"#FFFFFF\" global_colors_info=\"{}\"]\n<h2>Why choose us<\/h2>\n[\/et_pb_text][et_pb_text _builder_version=\"4.22.2\" _module_preset=\"495cb1a1-57c5-4419-8d31-a51ea006e11d\" text_font=\"|300|||||||\" text_text_color=\"#FFFFFF\" text_orientation=\"center\" global_colors_info=\"{}\"]\n<p>We built our DogHot precisely for this purpose and in this location, which is why we were able to tailor everything from the outset in terms of design and equipment to the ultimate goal of providing premium services. From the overall layout to the arrangement, heating, ventilation, equipment, organization, and permanent video surveillance, we have ensured everything for the relaxation of dogs and their owners.<\/p>\n[\/et_pb_text][\/et_pb_column][\/et_pb_row][et_pb_row _builder_version=\"4.22.2\" _module_preset=\"default\" global_colors_info=\"{}\"][et_pb_column type=\"4_4\" _builder_version=\"4.22.2\" _module_preset=\"default\" global_colors_info=\"{}\"][et_pb_image src=\"https:\/\/doghot.cz\/wp-content\/uploads\/2023\/10\/star.png\" title_text=\"star\" align=\"center\" _builder_version=\"4.22.2\" _module_preset=\"default\" global_colors_info=\"{}\"][\/et_pb_image][\/et_pb_column][\/et_pb_row][\/et_pb_section][et_pb_section fb_built=\"1\" admin_label=\"Call to Action\" _builder_version=\"4.22.2\" _module_preset=\"default\" background_enable_image=\"off\" background_video_mp4=\"https:\/\/doghot.cz\/wp-content\/uploads\/2023\/10\/jackrussel.mp4\" background_video_pause_outside_viewport=\"off\" custom_padding=\"8vw||8vw||true|false\" background_last_edited=\"off|desktop\" background_position_tablet=\"center\" background_position_phone=\"center\" collapsed=\"on\" global_colors_info=\"{}\"][et_pb_row custom_padding_last_edited=\"on|tablet\" _builder_version=\"4.20.0\" _module_preset=\"default\" custom_padding=\"|120px||120px|false|true\" custom_padding_tablet=\"|8%||8%|false|true\" custom_padding_phone=\"||||false|false\" global_colors_info=\"{}\"][et_pb_column type=\"4_4\" _builder_version=\"4.20.0\" _module_preset=\"default\" global_colors_info=\"{}\"][et_pb_text _builder_version=\"4.22.2\" _module_preset=\"d5fb4401-88d5-4bd1-8b4a-27e985b01c1d\" header_2_text_color=\"#FFFFFF\" text_orientation=\"center\" custom_margin=\"||10px||false|false\" global_colors_info=\"{}\"]\n<h2>Our philosophy<\/h2>\n[\/et_pb_text][et_pb_text _builder_version=\"4.22.2\" _module_preset=\"c0ccd783-574e-42be-9e4b-37078f9bec13\" text_font=\"|300|||||||\" text_text_color=\"#FFFFFF\" text_font_size=\"16px\" text_orientation=\"center\" global_colors_info=\"{}\"]\n<p>Doghot is another project by the family-owned company Vitesse spol. s r.o. in the field of services for end customers. We have combined the experience we gained in the PAYOT project, where we have been offering premium cosmetic services since 2018, with our employees' expertise in dog and pet care. In this case, too, we remain true to our philosophy of providing premium services of the highest quality, safety, and comfort for demanding clients for whom the ability to rely and relax is the most important criterion for their choice.<\/p>\n[\/et_pb_text][\/et_pb_column][\/et_pb_row][\/et_pb_section]","protected":false},"excerpt":{"rendered":"<p>Luxusn\u00ed ps\u00ed hotelDOGHOT Premium Ps\u00ed HotelLuxusn\u00ed ps\u00ed hotelLep\u0161\u00ed dovolen\u00e1 pro v\u00e1s i va\u0161eho pejskaV\u00edtejte v Doghot, pr\u00e9miov\u00e9m ps\u00edm hotelu, kde se Va\u0161i nejlep\u0161\u00ed kamar\u00e1di a \"rodinn\u00ed p\u0159\u00edslu\u0161n\u00edci\" budou c\u00edtit jako na dovolen\u00e9! U\u017eij\u00ed si luxusn\u00ed ubytov\u00e1n\u00ed, dokonalou p\u00e9\u010di, ale tak\u00e9 z\u00e1bavu, sport a dal\u0161\u00ed radov\u00e1nky. Pozornost na\u0161ich zku\u0161en\u00fdch spolupracovn\u00edk\u016f v kombinaci s kvalitn\u00edm a sofistikovan\u00fdm [&hellip;]<\/p>","protected":false},"author":9,"featured_media":0,"parent":0,"menu_order":0,"comment_status":"closed","ping_status":"closed","template":"","meta":{"_et_pb_use_builder":"on","_et_pb_old_content":"","_et_gb_content_width":"","footnotes":""},"class_list":["post-333","page","type-page","status-publish","hentry"],"_links":{"self":[{"href":"https:\/\/doghot.cz\/en\/wp-json\/wp\/v2\/pages\/333","targetHints":{"allow":["GET"]}}],"collection":[{"href":"https:\/\/doghot.cz\/en\/wp-json\/wp\/v2\/pages"}],"about":[{"href":"https:\/\/doghot.cz\/en\/wp-json\/wp\/v2\/types\/page"}],"author":[{"embeddable":true,"href":"https:\/\/doghot.cz\/en\/wp-json\/wp\/v2\/users\/9"}],"replies":[{"embeddable":true,"href":"https:\/\/doghot.cz\/en\/wp-json\/wp\/v2\/comments?post=333"}],"version-history":[{"count":54,"href":"https:\/\/doghot.cz\/en\/wp-json\/wp\/v2\/pages\/333\/revisions"}],"predecessor-version":[{"id":4634,"href":"https:\/\/doghot.cz\/en\/wp-json\/wp\/v2\/pages\/333\/revisions\/4634"}],"wp:attachment":[{"href":"https:\/\/doghot.cz\/en\/wp-json\/wp\/v2\/media?parent=333"}],"curies":[{"name":"wp","href":"https:\/\/api.w.org\/{rel}","templated":true}]}}