{"id":4241,"date":"2024-10-02T15:38:35","date_gmt":"2024-10-02T13:38:35","guid":{"rendered":"https:\/\/doghot.cz\/?page_id=4241"},"modified":"2024-10-02T15:39:00","modified_gmt":"2024-10-02T13:39:00","slug":"platba-ok","status":"publish","type":"page","link":"https:\/\/doghot.cz\/en\/platba-ok\/","title":{"rendered":"Platba ok"},"content":{"rendered":"[et_pb_section fb_built=\"1\" theme_builder_area=\"post_content\" _builder_version=\"4.27.0\" _module_preset=\"default\"][et_pb_row _builder_version=\"4.27.0\" _module_preset=\"default\" theme_builder_area=\"post_content\"][et_pb_column _builder_version=\"4.27.0\" _module_preset=\"default\" type=\"4_4\" theme_builder_area=\"post_content\"][et_pb_blurb title=\"Platba prob\u011bhla v po\u0159\u00e1dku\" _builder_version=\"4.27.0\" _module_preset=\"default\" theme_builder_area=\"post_content\" use_icon=\"on\" font_icon=\"&#x52;||divi||400\" header_text_align=\"center\" hover_enabled=\"0\" sticky_enabled=\"0\"][\/et_pb_blurb][\/et_pb_column][\/et_pb_row][\/et_pb_section]","protected":false},"excerpt":{"rendered":"","protected":false},"author":14,"featured_media":0,"parent":0,"menu_order":0,"comment_status":"closed","ping_status":"closed","template":"","meta":{"_et_pb_use_builder":"on","_et_pb_old_content":"","_et_gb_content_width":"","footnotes":""},"class_list":["post-4241","page","type-page","status-publish","hentry"],"_links":{"self":[{"href":"https:\/\/doghot.cz\/en\/wp-json\/wp\/v2\/pages\/4241","targetHints":{"allow":["GET"]}}],"collection":[{"href":"https:\/\/doghot.cz\/en\/wp-json\/wp\/v2\/pages"}],"about":[{"href":"https:\/\/doghot.cz\/en\/wp-json\/wp\/v2\/types\/page"}],"author":[{"embeddable":true,"href":"https:\/\/doghot.cz\/en\/wp-json\/wp\/v2\/users\/14"}],"replies":[{"embeddable":true,"href":"https:\/\/doghot.cz\/en\/wp-json\/wp\/v2\/comments?post=4241"}],"version-history":[{"count":3,"href":"https:\/\/doghot.cz\/en\/wp-json\/wp\/v2\/pages\/4241\/revisions"}],"predecessor-version":[{"id":4311,"href":"https:\/\/doghot.cz\/en\/wp-json\/wp\/v2\/pages\/4241\/revisions\/4311"}],"wp:attachment":[{"href":"https:\/\/doghot.cz\/en\/wp-json\/wp\/v2\/media?parent=4241"}],"curies":[{"name":"wp","href":"https:\/\/api.w.org\/{rel}","templated":true}]}}